{"id":2,"date":"2021-12-28T15:28:40","date_gmt":"2021-12-28T14:28:40","guid":{"rendered":"http:\/\/peregrinations.cheznc.fr\/?page_id=2"},"modified":"2022-01-03T21:51:40","modified_gmt":"2022-01-03T20:51:40","slug":"page-d-exemple","status":"publish","type":"page","link":"https:\/\/peregrinations.cheznc.fr\/","title":{"rendered":"Au centre"},"content":{"rendered":"\n<p>Au centre il y a le corps, surmont\u00e9 de sa t\u00eate. Le corps dit \u00e0 la t\u00eate \u00ab\u00a0je t&#8217;emm\u00e8ne ?\u00a0\u00bb, et la t\u00eate dit au corps \u00ab\u00a0j&rsquo;ai plein d&rsquo;id\u00e9es de lieux \u00e0 d\u00e9couvrir\u00a0\u00bb<\/p>\n\n\n\n<figure class=\"wp-block-image size-large is-style-rounded\"><img loading=\"lazy\" decoding=\"async\" width=\"1024\" height=\"768\" src=\"https:\/\/peregrinations.cheznc.fr\/wp-content\/uploads\/2022\/01\/029_peribonka_gele-1024x768.jpg\" alt=\"Quebec - P\u00e9ribonca\" class=\"wp-image-183\" srcset=\"https:\/\/peregrinations.cheznc.fr\/wp-content\/uploads\/2022\/01\/029_peribonka_gele-1024x768.jpg 1024w, https:\/\/peregrinations.cheznc.fr\/wp-content\/uploads\/2022\/01\/029_peribonka_gele-300x225.jpg 300w, https:\/\/peregrinations.cheznc.fr\/wp-content\/uploads\/2022\/01\/029_peribonka_gele-768x576.jpg 768w, https:\/\/peregrinations.cheznc.fr\/wp-content\/uploads\/2022\/01\/029_peribonka_gele-360x270.jpg 360w, https:\/\/peregrinations.cheznc.fr\/wp-content\/uploads\/2022\/01\/029_peribonka_gele.jpg 1280w\" sizes=\"auto, (max-width: 1024px) 100vw, 1024px\" \/><figcaption>Quebec &#8211; Peribonca<\/figcaption><\/figure>\n","protected":false},"excerpt":{"rendered":"<p>Au centre il y a le corps, surmont\u00e9 de sa t\u00eate. Le corps dit \u00e0 la t\u00eate \u00ab\u00a0je t&#8217;emm\u00e8ne ?\u00a0\u00bb, et la t\u00eate dit au corps \u00ab\u00a0j&rsquo;ai plein d&rsquo;id\u00e9es de lieux \u00e0 d\u00e9couvrir\u00a0\u00bb<\/p>\n","protected":false},"author":1,"featured_media":0,"parent":0,"menu_order":0,"comment_status":"closed","ping_status":"open","template":"","meta":{"footnotes":""},"class_list":["post-2","page","type-page","status-publish","hentry"],"yoast_head":"<!-- This site is optimized with the Yoast SEO plugin v27.3 - https:\/\/yoast.com\/product\/yoast-seo-wordpress\/ -->\n<title>Au centre - P\u00e9r\u00e9grinations ...<\/title>\n<meta name=\"robots\" content=\"noindex, follow, max-snippet:-1, max-image-preview:large, max-video-preview:-1\" \/>\n<meta property=\"og:locale\" content=\"fr_FR\" \/>\n<meta property=\"og:type\" content=\"article\" \/>\n<meta property=\"og:title\" content=\"Au centre - P\u00e9r\u00e9grinations ...\" \/>\n<meta property=\"og:description\" content=\"Au centre il y a le corps, surmont\u00e9 de sa t\u00eate. Le corps dit \u00e0 la t\u00eate \u00ab\u00a0je t&#8217;emm\u00e8ne ?\u00a0\u00bb, et la t\u00eate dit au corps \u00ab\u00a0j&rsquo;ai plein d&rsquo;id\u00e9es de lieux \u00e0 d\u00e9couvrir\u00a0\u00bb\" \/>\n<meta property=\"og:url\" content=\"https:\/\/peregrinations.cheznc.fr\/\" \/>\n<meta property=\"og:site_name\" content=\"P\u00e9r\u00e9grinations ...\" \/>\n<meta property=\"article:modified_time\" content=\"2022-01-03T20:51:40+00:00\" \/>\n<meta property=\"og:image\" content=\"https:\/\/peregrinations.cheznc.fr\/wp-content\/uploads\/2022\/01\/029_peribonka_gele-1024x768.jpg\" \/>\n<meta name=\"twitter:card\" content=\"summary_large_image\" \/>\n<meta name=\"twitter:label1\" content=\"Dur\u00e9e de lecture estim\u00e9e\" \/>\n\t<meta name=\"twitter:data1\" content=\"1 minute\" \/>\n<script type=\"application\/ld+json\" class=\"yoast-schema-graph\">{\"@context\":\"https:\\\/\\\/schema.org\",\"@graph\":[{\"@type\":\"WebPage\",\"@id\":\"https:\\\/\\\/peregrinations.cheznc.fr\\\/\",\"url\":\"https:\\\/\\\/peregrinations.cheznc.fr\\\/\",\"name\":\"Au centre - P\u00e9r\u00e9grinations ...\",\"isPartOf\":{\"@id\":\"https:\\\/\\\/peregrinations.cheznc.fr\\\/#website\"},\"primaryImageOfPage\":{\"@id\":\"https:\\\/\\\/peregrinations.cheznc.fr\\\/#primaryimage\"},\"image\":{\"@id\":\"https:\\\/\\\/peregrinations.cheznc.fr\\\/#primaryimage\"},\"thumbnailUrl\":\"https:\\\/\\\/peregrinations.cheznc.fr\\\/wp-content\\\/uploads\\\/2022\\\/01\\\/029_peribonka_gele-1024x768.jpg\",\"datePublished\":\"2021-12-28T14:28:40+00:00\",\"dateModified\":\"2022-01-03T20:51:40+00:00\",\"breadcrumb\":{\"@id\":\"https:\\\/\\\/peregrinations.cheznc.fr\\\/#breadcrumb\"},\"inLanguage\":\"fr-FR\",\"potentialAction\":[{\"@type\":\"ReadAction\",\"target\":[\"https:\\\/\\\/peregrinations.cheznc.fr\\\/\"]}]},{\"@type\":\"ImageObject\",\"inLanguage\":\"fr-FR\",\"@id\":\"https:\\\/\\\/peregrinations.cheznc.fr\\\/#primaryimage\",\"url\":\"https:\\\/\\\/peregrinations.cheznc.fr\\\/wp-content\\\/uploads\\\/2022\\\/01\\\/029_peribonka_gele.jpg\",\"contentUrl\":\"https:\\\/\\\/peregrinations.cheznc.fr\\\/wp-content\\\/uploads\\\/2022\\\/01\\\/029_peribonka_gele.jpg\",\"width\":1280,\"height\":960},{\"@type\":\"BreadcrumbList\",\"@id\":\"https:\\\/\\\/peregrinations.cheznc.fr\\\/#breadcrumb\",\"itemListElement\":[{\"@type\":\"ListItem\",\"position\":1,\"name\":\"Accueil\",\"item\":\"https:\\\/\\\/peregrinations.cheznc.fr\\\/\"},{\"@type\":\"ListItem\",\"position\":2,\"name\":\"Au centre\"}]},{\"@type\":\"WebSite\",\"@id\":\"https:\\\/\\\/peregrinations.cheznc.fr\\\/#website\",\"url\":\"https:\\\/\\\/peregrinations.cheznc.fr\\\/\",\"name\":\"P\u00e9r\u00e9grinations ...\",\"description\":\"\u00e0 pieds, \u00e0 cheval et ailleurs !\",\"potentialAction\":[{\"@type\":\"SearchAction\",\"target\":{\"@type\":\"EntryPoint\",\"urlTemplate\":\"https:\\\/\\\/peregrinations.cheznc.fr\\\/?s={search_term_string}\"},\"query-input\":{\"@type\":\"PropertyValueSpecification\",\"valueRequired\":true,\"valueName\":\"search_term_string\"}}],\"inLanguage\":\"fr-FR\"}]}<\/script>\n<!-- \/ Yoast SEO plugin. -->","yoast_head_json":{"title":"Au centre - P\u00e9r\u00e9grinations ...","robots":{"index":"noindex","follow":"follow","max-snippet":"max-snippet:-1","max-image-preview":"max-image-preview:large","max-video-preview":"max-video-preview:-1"},"og_locale":"fr_FR","og_type":"article","og_title":"Au centre - P\u00e9r\u00e9grinations ...","og_description":"Au centre il y a le corps, surmont\u00e9 de sa t\u00eate. Le corps dit \u00e0 la t\u00eate \u00ab\u00a0je t&#8217;emm\u00e8ne ?\u00a0\u00bb, et la t\u00eate dit au corps \u00ab\u00a0j&rsquo;ai plein d&rsquo;id\u00e9es de lieux \u00e0 d\u00e9couvrir\u00a0\u00bb","og_url":"https:\/\/peregrinations.cheznc.fr\/","og_site_name":"P\u00e9r\u00e9grinations ...","article_modified_time":"2022-01-03T20:51:40+00:00","og_image":[{"url":"https:\/\/peregrinations.cheznc.fr\/wp-content\/uploads\/2022\/01\/029_peribonka_gele-1024x768.jpg","type":"","width":"","height":""}],"twitter_card":"summary_large_image","twitter_misc":{"Dur\u00e9e de lecture estim\u00e9e":"1 minute"},"schema":{"@context":"https:\/\/schema.org","@graph":[{"@type":"WebPage","@id":"https:\/\/peregrinations.cheznc.fr\/","url":"https:\/\/peregrinations.cheznc.fr\/","name":"Au centre - P\u00e9r\u00e9grinations ...","isPartOf":{"@id":"https:\/\/peregrinations.cheznc.fr\/#website"},"primaryImageOfPage":{"@id":"https:\/\/peregrinations.cheznc.fr\/#primaryimage"},"image":{"@id":"https:\/\/peregrinations.cheznc.fr\/#primaryimage"},"thumbnailUrl":"https:\/\/peregrinations.cheznc.fr\/wp-content\/uploads\/2022\/01\/029_peribonka_gele-1024x768.jpg","datePublished":"2021-12-28T14:28:40+00:00","dateModified":"2022-01-03T20:51:40+00:00","breadcrumb":{"@id":"https:\/\/peregrinations.cheznc.fr\/#breadcrumb"},"inLanguage":"fr-FR","potentialAction":[{"@type":"ReadAction","target":["https:\/\/peregrinations.cheznc.fr\/"]}]},{"@type":"ImageObject","inLanguage":"fr-FR","@id":"https:\/\/peregrinations.cheznc.fr\/#primaryimage","url":"https:\/\/peregrinations.cheznc.fr\/wp-content\/uploads\/2022\/01\/029_peribonka_gele.jpg","contentUrl":"https:\/\/peregrinations.cheznc.fr\/wp-content\/uploads\/2022\/01\/029_peribonka_gele.jpg","width":1280,"height":960},{"@type":"BreadcrumbList","@id":"https:\/\/peregrinations.cheznc.fr\/#breadcrumb","itemListElement":[{"@type":"ListItem","position":1,"name":"Accueil","item":"https:\/\/peregrinations.cheznc.fr\/"},{"@type":"ListItem","position":2,"name":"Au centre"}]},{"@type":"WebSite","@id":"https:\/\/peregrinations.cheznc.fr\/#website","url":"https:\/\/peregrinations.cheznc.fr\/","name":"P\u00e9r\u00e9grinations ...","description":"\u00e0 pieds, \u00e0 cheval et ailleurs !","potentialAction":[{"@type":"SearchAction","target":{"@type":"EntryPoint","urlTemplate":"https:\/\/peregrinations.cheznc.fr\/?s={search_term_string}"},"query-input":{"@type":"PropertyValueSpecification","valueRequired":true,"valueName":"search_term_string"}}],"inLanguage":"fr-FR"}]}},"_links":{"self":[{"href":"https:\/\/peregrinations.cheznc.fr\/index.php\/wp-json\/wp\/v2\/pages\/2","targetHints":{"allow":["GET"]}}],"collection":[{"href":"https:\/\/peregrinations.cheznc.fr\/index.php\/wp-json\/wp\/v2\/pages"}],"about":[{"href":"https:\/\/peregrinations.cheznc.fr\/index.php\/wp-json\/wp\/v2\/types\/page"}],"author":[{"embeddable":true,"href":"https:\/\/peregrinations.cheznc.fr\/index.php\/wp-json\/wp\/v2\/users\/1"}],"replies":[{"embeddable":true,"href":"https:\/\/peregrinations.cheznc.fr\/index.php\/wp-json\/wp\/v2\/comments?post=2"}],"version-history":[{"count":1,"href":"https:\/\/peregrinations.cheznc.fr\/index.php\/wp-json\/wp\/v2\/pages\/2\/revisions"}],"predecessor-version":[{"id":184,"href":"https:\/\/peregrinations.cheznc.fr\/index.php\/wp-json\/wp\/v2\/pages\/2\/revisions\/184"}],"wp:attachment":[{"href":"https:\/\/peregrinations.cheznc.fr\/index.php\/wp-json\/wp\/v2\/media?parent=2"}],"curies":[{"name":"wp","href":"https:\/\/api.w.org\/{rel}","templated":true}]}}